{"id":7655,"date":"2024-09-10T14:01:37","date_gmt":"2024-09-10T12:01:37","guid":{"rendered":"http:\/\/parafia.zebrzydowice.eu\/?page_id=7655"},"modified":"2026-03-28T00:05:51","modified_gmt":"2026-03-27T23:05:51","slug":"caritas","status":"publish","type":"page","link":"http:\/\/parafia.zebrzydowice.eu\/?page_id=7655","title":{"rendered":"Caritas"},"content":{"rendered":"\n<p><style class=\"WebKit-mso-list-quirks-style\"> &lt;!-- \/* Style Definitions *\/  p.MsoNormal, li.MsoNormal, div.MsoNormal {mso-style-unhide:no; mso-style-qformat:yes; mso-style-parent:\"\"; margin:0cm; mso-pagination:none; mso-hyphenate:none; text-autospace:ideograph-other; font-size:12.0pt; font-family:\"Times New Roman\",serif; mso-fareast-font-family:SimSun; mso-bidi-font-family:\"Lucida Sans\"; mso-font-kerning:1.5pt; mso-fareast-language:ZH-CN; mso-bidi-language:HI;} p.Standard, li.Standard, div.Standard {mso-style-name:Standard; mso-style-unhide:no; mso-style-parent:\"\"; margin:0cm; mso-pagination:none; mso-hyphenate:none; text-autospace:ideograph-other; font-size:12.0pt; font-family:\"Times New Roman\",serif; mso-fareast-font-family:SimSun; mso-bidi-font-family:\"Lucida Sans\"; mso-font-kerning:1.5pt; mso-fareast-language:ZH-CN; mso-bidi-language:HI;} p.Textbody, li.Textbody, div.Textbody {mso-style-name:\"Text body\"; mso-style-unhide:no; mso-style-parent:Standard; margin-top:0cm; margin-right:0cm; margin-bottom:6.0pt; margin-left:0cm; mso-pagination:none; mso-hyphenate:none; text-autospace:ideograph-other; font-size:12.0pt; font-family:\"Times New Roman\",serif; mso-fareast-font-family:SimSun; mso-bidi-font-family:\"Lucida Sans\"; mso-font-kerning:1.5pt; mso-fareast-language:ZH-CN; mso-bidi-language:HI;} .MsoChpDefault {mso-style-type:export-only; mso-default-props:yes; mso-fareast-font-family:SimSun; mso-bidi-font-family:\"Lucida Sans\"; mso-font-kerning:1.5pt; mso-ligatures:none; mso-fareast-language:ZH-CN; mso-bidi-language:HI;} .MsoPapDefault {mso-style-type:export-only; mso-pagination:none; mso-hyphenate:none; text-autospace:ideograph-other;} @page WordSection1 {size:612.0pt 792.0pt; margin:70.85pt 70.85pt 70.85pt 70.85pt; mso-header-margin:35.4pt; mso-footer-margin:35.4pt; mso-paper-source:0;} div.WordSection1 {page:WordSection1;}  \/* List Definitions *\/  @list l0 {mso-list-id:1569069224; mso-list-template-ids:1071173000;} @list l0:level1 {mso-level-tab-stop:none; mso-level-number-position:left; text-indent:-18.0pt;} @list l0:level2 {mso-level-tab-stop:none; mso-level-number-position:left; margin-left:54.0pt; text-indent:-18.0pt;} @list l0:level3 {mso-level-tab-stop:none; mso-level-number-position:left; margin-left:72.0pt; text-indent:-18.0pt;} @list l0:level4 {mso-level-tab-stop:none; mso-level-number-position:left; margin-left:90.0pt; text-indent:-18.0pt;} @list l0:level5 {mso-level-tab-stop:none; mso-level-number-position:left; margin-left:108.0pt; text-indent:-18.0pt;} @list l0:level6 {mso-level-tab-stop:none; mso-level-number-position:left; margin-left:126.0pt; text-indent:-18.0pt;} @list l0:level7 {mso-level-tab-stop:none; mso-level-number-position:left; margin-left:144.0pt; text-indent:-18.0pt;} @list l0:level8 {mso-level-tab-stop:none; mso-level-number-position:left; margin-left:162.0pt; text-indent:-18.0pt;} @list l0:level9 {mso-level-tab-stop:none; mso-level-number-position:left; margin-left:180.0pt; text-indent:-18.0pt;} --> <\/style><p class=\"Standard\" style=\"font-size: medium; white-space: normal;\"><o:p>\u00a0<\/o:p><\/p><p class=\"Textbody\" style=\"font-size: medium; white-space: normal;\"><span style=\"position: relative; z-index: 251658240; left: -14px; top: 0px; width: 487px; height: 63px;\"><img decoding=\"async\" loading=\"lazy\" width=\"487\" height=\"63\" v:shapes=\"grafika2\" src=\"blob:http:\/\/parafia.zebrzydowice.eu\/2aceefa3-5055-4c8c-8e94-32e0899e570d\"><\/span><\/p><p class=\"Textbody\" align=\"center\" style=\"font-size: medium; white-space: normal; text-align: center; line-height: 18.4px;\"><b><u><span style=\"font-size: 13pt; line-height: 19.933334px;\">POMOC \u017bYWNO\u015aCIOWA\u00a0\u00a0CARITAS DIECEZJI BIELSKO- \u017bYWIECKIEJ<\/span><\/u><\/b><\/p><p class=\"Textbody\" align=\"center\" style=\"font-size: medium; white-space: normal; text-align: center; text-indent: 24.75pt; line-height: 18.4px;\"><b><u><span style=\"font-size: 13pt; line-height: 19.933334px;\"><o:p><span style=\"text-decoration: none;\">\u00a0<\/span><\/o:p><\/span><\/u><\/b><\/p><p class=\"Standard\" style=\"font-size: medium; white-space: normal;\"><span style=\"font-size: 13pt;\">\u00a0\u00a0\u00a0\u00a0\u00a0\u00a0\u00a0\u00a0\u00a0Parafia Wniebowzi\u0119cia NMP w Zebrzydowicach informuje o rozpocz\u0119ciu realizacji programu Fundusze Europejskie Pomoc \u017bywno\u015bciowa 2021 -2027 \u2013 \u201ePodprogram 2025\u201d.<\/span><\/p><p class=\"Textbody\" style=\"font-size: medium; white-space: normal;\"><span style=\"font-size: 13pt;\">\u00a0\u00a0\u00a0\u00a0\u00a0\u00a0\u00a0\u00a0\u00a0Pomoc\u0105 \u017cywno\u015bciow\u0105 w Programie mog\u0105 by\u0107 obj\u0119te osoby i rodziny znajduj\u0105ce si\u0119 w najtrudniejszej sytuacji \u017cyciowej np. dotkni\u0119te ub\u00f3stwem, sieroctwem, bezdomno\u015bci\u0105, d\u0142ugotrwa\u0142\u0105 lub ci\u0119\u017ck\u0105 chorob\u0105 i spe\u0142niaj\u0105ce kryterium dochodowe.Od 1.01.2025\u00a0\u00a0roku doch\u00f3d uprawniaj\u0105cy do pomocy \u017cywno\u015bciowej z Programu \u201ePodprogram 2025\u201d wynosi odpowiednio ( 265 % kryterium dochodowego z ustawy o pomocy spo\u0142ecznej ) tj.:<\/span><\/p><p class=\"Textbody\" style=\"margin-left:36.0pt;text-indent:-18.0pt;mso-list:l0 level1 lfo1\"><span style=\"font-size:13.0pt;mso-fareast-font-family:&quot;Times New Roman&quot;;mso-bidi-font-family:\n&quot;Times New Roman&quot;\">1.<span style=\"font-style: normal; font-variant-caps: normal; font-width: normal; font-size: 7pt; line-height: normal; font-family: &quot;Times New Roman&quot;; font-size-adjust: none; font-kerning: auto; font-variant-alternates: normal; font-variant-ligatures: normal; font-variant-numeric: normal; font-variant-east-asian: normal; font-variant-position: normal; font-variant-emoji: normal; font-feature-settings: normal; font-optical-sizing: auto; font-variation-settings: normal;\">\u00a0\u00a0\u00a0\u00a0<\/span><\/span><span style=\"font-size: 13pt;\">dla osoby samotnej\u00a0\u00a0\u00a0\u00a0\u00a0\u00a0\u00a0\u00a0\u00a0\u00a0&#8211;\u00a0\u00a02 676, 50 PLN<\/span><span style=\"font-size:13.0pt;mso-fareast-font-family:&quot;Times New Roman&quot;;mso-bidi-font-family:\n&quot;Times New Roman&quot;\">2.<span style=\"font-style: normal; font-variant-caps: normal; font-width: normal; font-size: 7pt; line-height: normal; font-family: &quot;Times New Roman&quot;; font-size-adjust: none; font-kerning: auto; font-variant-alternates: normal; font-variant-ligatures: normal; font-variant-numeric: normal; font-variant-east-asian: normal; font-variant-position: normal; font-variant-emoji: normal; font-feature-settings: normal; font-optical-sizing: auto; font-variation-settings: normal;\">\u00a0\u00a0\u00a0\u00a0<\/span><\/span><span style=\"font-size: 13pt;\">dla osoby w rodzinie\u00a0\u00a0\u00a0\u00a0\u00a0\u00a0\u00a0&#8211;\u00a0\u00a02 180, 95 PLN<\/span><\/p><p class=\"Textbody\" style=\"font-size: medium; white-space: normal;\"><span style=\"font-size: 13pt;\">Osoby zainteresowane proszone s\u0105 do zg\u0142oszenia si\u0119 w Gminnym O\u015brodku Pomocy Spo\u0142ecznej w Zebrzydowicach, w celu z\u0142o\u017cenia wniosku.Wi\u0119cej informacji na stronie: Ministerstawa Rodziny, Pracy i Polityki Spo\u0142ecznej<\/span><\/p><span style=\"font-size: 13pt; font-family: &quot;Times New Roman&quot;, serif; white-space: normal;\">Portal Gov.pl\u00a0\u00a0(\u00a0<\/span><a style=\"font-size: 13pt; font-family: &quot;Times New Roman&quot;, serif; white-space: normal;\" href=\"http:\/\/www.gov.pl\/\"><span style=\"color: windowtext; text-decoration: none;\">www.gov.pl<\/span><\/a><span style=\"font-size: 13pt; font-family: &quot;Times New Roman&quot;, serif; white-space: normal;\">\u00a0)<\/span><\/p>\n\n\n\n<figure class=\"wp-block-image size-large\"><a href=\"http:\/\/parafia.zebrzydowice.eu\/wp-content\/uploads\/2026\/02\/image-1.jpeg\"><img decoding=\"async\" loading=\"lazy\" width=\"749\" height=\"1024\" src=\"http:\/\/parafia.zebrzydowice.eu\/wp-content\/uploads\/2026\/02\/image-1-749x1024.jpeg\" alt=\"\" class=\"wp-image-8693\" srcset=\"http:\/\/parafia.zebrzydowice.eu\/wp-content\/uploads\/2026\/02\/image-1-749x1024.jpeg 749w, http:\/\/parafia.zebrzydowice.eu\/wp-content\/uploads\/2026\/02\/image-1-220x300.jpeg 220w, http:\/\/parafia.zebrzydowice.eu\/wp-content\/uploads\/2026\/02\/image-1-768x1050.jpeg 768w, http:\/\/parafia.zebrzydowice.eu\/wp-content\/uploads\/2026\/02\/image-1.jpeg 960w\" sizes=\"(max-width: 749px) 100vw, 749px\" \/><\/a><figcaption class=\"wp-element-caption\"><img decoding=\"async\" loading=\"lazy\" width=\"487\" height=\"63\" src=\"blob:http:\/\/parafia.zebrzydowice.eu\/8c394027-a096-40f4-9590-7f73f74d5fd6\"><br><br><strong>POMOC \u017bYWNO\u015aCIOWA<\/strong><br>\u00a0<br>Informujemy, \u017ce pomoc \u017cywno\u015bciowa dost\u0119pna w ramach programu Fundusze Europejskie\u00a0\u00a0\u00a0\u00a0\u00a0\u00a0\u00a0\u00a0\u00a0\u00a0\u00a0\u00a0\u00a0\u00a0na Pomoc \u017bywno\u015bciow\u0105 2021 \u2013 2027 \u2013 Podprogram 2025<br>Wydawana b\u0119dzie dnia:<strong>\u00a011 MARCA 2026<\/strong>\u00a0\u00a0\u00a0roku, \u00a0<br>\u00a0\u00a0\u00a0\u00a0\u00a0\u00a0\u00a0\u00a0\u00a0\u00a0\u00a0\u00a0\u00a0\u00a0\u00a0\u00a0\u00a0 \u00a0w godzinach\u00a0<strong>od 9.00 do 11.00<\/strong>.<br>Miejsce wydawania \u017cywno\u015bci:<br><strong>Parafia Wniebowzi\u0119cia NMP w Zebrzydowicach.<\/strong><br>Informacja niniejsza przeznaczona jest dla os\u00f3b, kt\u00f3re otrzyma\u0142y ju\u017c skierowanie do obj\u0119cia t\u0105 form\u0105 wsparcia przez Gminny O\u015brodek \u00a0Pomocy\u00a0 Spo\u0142ecznej w Zebrzydowicach.<\/figcaption><\/figure>\n","protected":false},"excerpt":{"rendered":"<p>\u00a0 POMOC \u017bYWNO\u015aCIOWA\u00a0\u00a0CARITAS DIECEZJI BIELSKO- \u017bYWIECKIEJ \u00a0 \u00a0\u00a0\u00a0\u00a0\u00a0\u00a0\u00a0\u00a0\u00a0Parafia Wniebowzi\u0119cia NMP w Zebrzydowicach informuje o rozpocz\u0119ciu realizacji programu Fundusze Europejskie Pomoc \u017bywno\u015bciowa 2021 -2027 \u2013 \u201ePodprogram 2025\u201d. \u00a0\u00a0\u00a0\u00a0\u00a0\u00a0\u00a0\u00a0\u00a0Pomoc\u0105 \u017cywno\u015bciow\u0105 w Programie mog\u0105 by\u0107 obj\u0119te osoby i rodziny znajduj\u0105ce si\u0119 w najtrudniejszej sytuacji \u017cyciowej np. dotkni\u0119te ub\u00f3stwem, sieroctwem, bezdomno\u015bci\u0105, d\u0142ugotrwa\u0142\u0105 lub ci\u0119\u017ck\u0105 chorob\u0105 i spe\u0142niaj\u0105ce kryterium dochodowe.Od &#8230; <span class=\"more\"><a class=\"more-link\" href=\"http:\/\/parafia.zebrzydowice.eu\/?page_id=7655\">[czytaj dalej]<\/a><\/span><\/p>\n","protected":false},"author":6,"featured_media":0,"parent":0,"menu_order":0,"comment_status":"closed","ping_status":"closed","template":"","meta":{"ngg_post_thumbnail":0},"_links":{"self":[{"href":"http:\/\/parafia.zebrzydowice.eu\/index.php?rest_route=\/wp\/v2\/pages\/7655"}],"collection":[{"href":"http:\/\/parafia.zebrzydowice.eu\/index.php?rest_route=\/wp\/v2\/pages"}],"about":[{"href":"http:\/\/parafia.zebrzydowice.eu\/index.php?rest_route=\/wp\/v2\/types\/page"}],"author":[{"embeddable":true,"href":"http:\/\/parafia.zebrzydowice.eu\/index.php?rest_route=\/wp\/v2\/users\/6"}],"replies":[{"embeddable":true,"href":"http:\/\/parafia.zebrzydowice.eu\/index.php?rest_route=%2Fwp%2Fv2%2Fcomments&post=7655"}],"version-history":[{"count":9,"href":"http:\/\/parafia.zebrzydowice.eu\/index.php?rest_route=\/wp\/v2\/pages\/7655\/revisions"}],"predecessor-version":[{"id":8776,"href":"http:\/\/parafia.zebrzydowice.eu\/index.php?rest_route=\/wp\/v2\/pages\/7655\/revisions\/8776"}],"wp:attachment":[{"href":"http:\/\/parafia.zebrzydowice.eu\/index.php?rest_route=%2Fwp%2Fv2%2Fmedia&parent=7655"}],"curies":[{"name":"wp","href":"https:\/\/api.w.org\/{rel}","templated":true}]}}