{"id":2080,"date":"2015-10-13T09:51:48","date_gmt":"2015-10-13T07:51:48","guid":{"rendered":"http:\/\/parafia.zebrzydowice.eu\/?page_id=2080"},"modified":"2015-11-14T19:18:30","modified_gmt":"2015-11-14T18:18:30","slug":"poradnia-zycia-rodzinnego","status":"publish","type":"page","link":"http:\/\/parafia.zebrzydowice.eu\/?page_id=2080","title":{"rendered":"PORADNIA \u017bYCIA RODZINNEGO"},"content":{"rendered":"<p>Poradnie \u017bycia Rodzinnego prowadzi pani mgr Bo\u017cena Karpiel<br \/>\nSpotkania przedma\u0142\u017ce\u0144skie dla narzeczonych w naszej Parafii odbywaj\u0105 si\u0119 w 2 pi\u0105tek miesi\u0105ca o godzinie 18:00 na Probostwie<br \/>\nPorady Rodzinne udziela pani Bo\u017cenka po indywidualnym um\u00f3wieniu si\u0119.<\/p>\n","protected":false},"excerpt":{"rendered":"<p>Poradnie \u017bycia Rodzinnego prowadzi pani mgr Bo\u017cena Karpiel Spotkania przedma\u0142\u017ce\u0144skie dla narzeczonych w naszej Parafii odbywaj\u0105 si\u0119 w 2 pi\u0105tek miesi\u0105ca o godzinie 18:00 na Probostwie Porady Rodzinne udziela pani Bo\u017cenka po indywidualnym um\u00f3wieniu si\u0119.<\/p>\n","protected":false},"author":5,"featured_media":0,"parent":0,"menu_order":0,"comment_status":"closed","ping_status":"closed","template":"","meta":{"ngg_post_thumbnail":0},"_links":{"self":[{"href":"http:\/\/parafia.zebrzydowice.eu\/index.php?rest_route=\/wp\/v2\/pages\/2080"}],"collection":[{"href":"http:\/\/parafia.zebrzydowice.eu\/index.php?rest_route=\/wp\/v2\/pages"}],"about":[{"href":"http:\/\/parafia.zebrzydowice.eu\/index.php?rest_route=\/wp\/v2\/types\/page"}],"author":[{"embeddable":true,"href":"http:\/\/parafia.zebrzydowice.eu\/index.php?rest_route=\/wp\/v2\/users\/5"}],"replies":[{"embeddable":true,"href":"http:\/\/parafia.zebrzydowice.eu\/index.php?rest_route=%2Fwp%2Fv2%2Fcomments&post=2080"}],"version-history":[{"count":9,"href":"http:\/\/parafia.zebrzydowice.eu\/index.php?rest_route=\/wp\/v2\/pages\/2080\/revisions"}],"predecessor-version":[{"id":2120,"href":"http:\/\/parafia.zebrzydowice.eu\/index.php?rest_route=\/wp\/v2\/pages\/2080\/revisions\/2120"}],"wp:attachment":[{"href":"http:\/\/parafia.zebrzydowice.eu\/index.php?rest_route=%2Fwp%2Fv2%2Fmedia&parent=2080"}],"curies":[{"name":"wp","href":"https:\/\/api.w.org\/{rel}","templated":true}]}}