{"id":10,"date":"2014-10-21T11:48:01","date_gmt":"2014-10-21T09:48:01","guid":{"rendered":"http:\/\/parafia.zebrzydowice.eu\/?page_id=10"},"modified":"2024-12-31T19:04:51","modified_gmt":"2024-12-31T18:04:51","slug":"nabozenstwa","status":"publish","type":"page","link":"http:\/\/parafia.zebrzydowice.eu\/?page_id=10","title":{"rendered":"Nabo\u017ce\u0144stwa"},"content":{"rendered":"<table width=\"452\">\n<tbody>\n<tr>\n<td style=\"text-align: center;\"><strong>Porz\u0105dek nabo\u017ce\u0144stw<\/strong><\/td>\n<\/tr>\n<tr>\n<td><strong>Msze \u015awi\u0119te<\/strong><\/p>\n<ul>\n<li><span style=\"text-decoration: underline;\"><em>Msze \u015awi\u0119te w Niedziele<\/em><\/span>: 7.00, 8.30, 10.00, 11.30, 16.00, 20.00<\/li>\n<\/ul>\n<ul>\n<li><span style=\"text-decoration: underline;\"><em>Msze \u015bwi\u0119te w dni powszednie<\/em><\/span>: 7.00 i 18.00<\/li>\n<\/ul>\n<ul>\n<li><span style=\"text-decoration: underline;\">Sobotnia Msza \u015awi\u0119ta wieczorna zawsze o godz 17.00 !!!<\/span><\/li>\n<li><span style=\"text-decoration: underline;\">Msza \u015awi\u0119ta oazowa<\/span> \u2013 ka\u017cdy pi\u0105tek miesi\u0105ca \u2013 Msza \u015aw. wieczorna<\/li>\n<li><span style=\"text-decoration: underline;\">Msza \u015awi\u0119ta dla dzieci<\/span> \u2013 niedziela godz. 11.30<\/li>\n<\/ul>\n<p><strong>Nabo\u017ce\u0144stwa<\/strong><\/p>\n<ul>\n<li><span style=\"text-decoration: underline;\">Nabo\u017ce\u0144stwo Fatimskie<\/span><\/li>\n<li><span style=\"text-decoration: underline;\">Nabo\u017ce\u0144stwo do Mi\u0142osierdzi Bo\u017cego<\/span> \u2013 III pi\u0105tek miesi\u0105ca o godz. 15.00<\/li>\n<li><span style=\"text-decoration: underline;\">Nabo\u017ce\u0144stwo Eucharystyczne<\/span> dla Bractwa Eucharystycznego \u2013 II czwartek miesi\u0105ca po Mszy \u015awi\u0119tej wieczornej<\/li>\n<li><span style=\"text-decoration: underline;\">Odnowa w Duchu \u015awi\u0119tym<\/span> \u2013 Msza \u015bwi\u0119ta, adoracja Naj\u015bwi\u0119tszego Sakramentu oraz modlitwa wstawiennicza w ka\u017cdy I poniedzia\u0142ek miesi\u0105ca o godz. 19:00. Raz na kwarta\u0142 Msza \u015bwi\u0119ta z modlitw\u0105 o uzdrowienie w tym samym terminie.<\/li>\n<\/ul>\n<\/td>\n<\/tr>\n<\/tbody>\n<\/table>\n","protected":false},"excerpt":{"rendered":"<p>Porz\u0105dek nabo\u017ce\u0144stw Msze \u015awi\u0119te Msze \u015awi\u0119te w Niedziele: 7.00, 8.30, 10.00, 11.30, 16.00, 20.00 Msze \u015bwi\u0119te w dni powszednie: 7.00 i 18.00 Sobotnia Msza \u015awi\u0119ta wieczorna zawsze o godz 17.00 !!! Msza \u015awi\u0119ta oazowa \u2013 ka\u017cdy pi\u0105tek miesi\u0105ca \u2013 Msza \u015aw. wieczorna Msza \u015awi\u0119ta dla dzieci \u2013 niedziela godz. 11.30 Nabo\u017ce\u0144stwa Nabo\u017ce\u0144stwo Fatimskie Nabo\u017ce\u0144stwo do &#8230; <span class=\"more\"><a class=\"more-link\" href=\"http:\/\/parafia.zebrzydowice.eu\/?page_id=10\">[czytaj dalej]<\/a><\/span><\/p>\n","protected":false},"author":1,"featured_media":0,"parent":0,"menu_order":0,"comment_status":"open","ping_status":"closed","template":"","meta":{"ngg_post_thumbnail":0},"_links":{"self":[{"href":"http:\/\/parafia.zebrzydowice.eu\/index.php?rest_route=\/wp\/v2\/pages\/10"}],"collection":[{"href":"http:\/\/parafia.zebrzydowice.eu\/index.php?rest_route=\/wp\/v2\/pages"}],"about":[{"href":"http:\/\/parafia.zebrzydowice.eu\/index.php?rest_route=\/wp\/v2\/types\/page"}],"author":[{"embeddable":true,"href":"http:\/\/parafia.zebrzydowice.eu\/index.php?rest_route=\/wp\/v2\/users\/1"}],"replies":[{"embeddable":true,"href":"http:\/\/parafia.zebrzydowice.eu\/index.php?rest_route=%2Fwp%2Fv2%2Fcomments&post=10"}],"version-history":[{"count":10,"href":"http:\/\/parafia.zebrzydowice.eu\/index.php?rest_route=\/wp\/v2\/pages\/10\/revisions"}],"predecessor-version":[{"id":7918,"href":"http:\/\/parafia.zebrzydowice.eu\/index.php?rest_route=\/wp\/v2\/pages\/10\/revisions\/7918"}],"wp:attachment":[{"href":"http:\/\/parafia.zebrzydowice.eu\/index.php?rest_route=%2Fwp%2Fv2%2Fmedia&parent=10"}],"curies":[{"name":"wp","href":"https:\/\/api.w.org\/{rel}","templated":true}]}}